{"id":7,"date":"2021-08-27T15:45:18","date_gmt":"2021-08-27T12:45:18","guid":{"rendered":"https:\/\/opdrhasanulasbasyurt.com\/demo\/?page_id=7"},"modified":"2021-11-10T15:09:27","modified_gmt":"2021-11-10T12:09:27","slug":"about","status":"publish","type":"page","link":"https:\/\/caglarertekin.com\/en\/about\/","title":{"rendered":"About"},"content":{"rendered":"\t\t<div data-elementor-type=\"wp-page\" data-elementor-id=\"7\" class=\"elementor elementor-7\">\n\t\t\t\t\t\t<section class=\"elementor-section elementor-top-section elementor-element elementor-element-a4d426f elementor-section-boxed elementor-section-height-default elementor-section-height-default\" data-id=\"a4d426f\" data-element_type=\"section\">\n\t\t\t\t\t\t<div class=\"elementor-container elementor-column-gap-no\">\n\t\t\t\t\t<div class=\"elementor-column elementor-col-50 elementor-top-column elementor-element elementor-element-8f44797\" data-id=\"8f44797\" data-element_type=\"column\">\n\t\t\t<div class=\"elementor-widget-wrap elementor-element-populated\">\n\t\t\t\t\t\t<div class=\"elementor-element elementor-element-00a1422 elementor-widget elementor-widget-image\" data-id=\"00a1422\" data-element_type=\"widget\" data-widget_type=\"image.default\">\n\t\t\t\t<div class=\"elementor-widget-container\">\n\t\t\t\t\t\t\t\t\t\t\t\t\t\t\t<img fetchpriority=\"high\" decoding=\"async\" width=\"1200\" height=\"1600\" src=\"https:\/\/caglarertekin.com\/en\/wp-content\/uploads\/2021\/11\/img-20210115-wa0027-1.jpg\" class=\"attachment-full size-full wp-image-9645\" alt=\"\" srcset=\"https:\/\/caglarertekin.com\/en\/wp-content\/uploads\/2021\/11\/img-20210115-wa0027-1.jpg 1200w, https:\/\/caglarertekin.com\/en\/wp-content\/uploads\/2021\/11\/img-20210115-wa0027-1-600x800.jpg 600w, https:\/\/caglarertekin.com\/en\/wp-content\/uploads\/2021\/11\/img-20210115-wa0027-1-225x300.jpg 225w, https:\/\/caglarertekin.com\/en\/wp-content\/uploads\/2021\/11\/img-20210115-wa0027-1-768x1024.jpg 768w, https:\/\/caglarertekin.com\/en\/wp-content\/uploads\/2021\/11\/img-20210115-wa0027-1-1152x1536.jpg 1152w\" sizes=\"(max-width: 1200px) 100vw, 1200px\" \/>\t\t\t\t\t\t\t\t\t\t\t\t\t\t\t<\/div>\n\t\t\t\t<\/div>\n\t\t\t\t\t<\/div>\n\t\t<\/div>\n\t\t\t\t<div class=\"elementor-column elementor-col-50 elementor-top-column elementor-element elementor-element-17c5dfe\" data-id=\"17c5dfe\" data-element_type=\"column\">\n\t\t\t<div class=\"elementor-widget-wrap elementor-element-populated\">\n\t\t\t\t\t\t<div class=\"elementor-element elementor-element-40a399f elementor-widget elementor-widget-text-editor\" data-id=\"40a399f\" data-element_type=\"widget\" data-widget_type=\"text-editor.default\">\n\t\t\t\t<div class=\"elementor-widget-container\">\n\t\t\t\t\t\t\t\t\t<h2><strong>M.D. \u00c7a\u011flar Ertekin<\/strong><\/h2>\n<p>After completing his General Surgery Specialization training from Marmara University Faculty of Medicine, Department of General Surgery, Op.Dr \u00c7a\u011flar Ertekin worked as a General Surgery Physician at Bursa Cekirge State Hospital between 2017-2020 at Bursa City Hospital.<\/p>\n<p>He took part in the 2018 Zeytindal\u0131 Operation as a General Surgery Physician in the Turkish Armed Forces with the assignment of the Ministry of Health. In his general surgery practice, he developed his expertise in Obesity, Cancer and Hernia surgery with laparoscopic (closed) surgery method.<\/p>\n<p>He is currently working in \u0130zmir his private clinic. He performed more than 4300 successful surgeries in 4 years.<\/p>\n<p>M.D. \u00c7a\u011flar Ertekin is married and has two beautiful children.<\/p>\t\t\t\t\t\t\t\t<\/div>\n\t\t\t\t<\/div>\n\t\t\t\t\t<\/div>\n\t\t<\/div>\n\t\t\t\t\t<\/div>\n\t\t<\/section>\n\t\t\t\t<\/div>\n\t\t","protected":false},"excerpt":{"rendered":"<p>M.D. \u00c7a\u011flar Ertekin After completing his General Surgery Specialization training from Marmara University Faculty of Medicine, Department of General Surgery, Op.Dr \u00c7a\u011flar Ertekin worked as a General Surgery Physician at Bursa Cekirge State Hospital between 2017-2020 at Bursa City Hospital. He took part in the 2018 Zeytindal\u0131 Operation as a General Surgery Physician in the [&hellip;]<\/p>\n","protected":false},"author":1,"featured_media":0,"parent":0,"menu_order":0,"comment_status":"closed","ping_status":"closed","template":"","meta":{"_acf_changed":false,"footnotes":""},"class_list":["post-7","page","type-page","status-publish","hentry"],"acf":[],"yoast_head":"<!-- This site is optimized with the Yoast SEO plugin v26.2 - https:\/\/yoast.com\/wordpress\/plugins\/seo\/ -->\n<title>About - Op. Dr. \u00c7a\u011flar Ertekin<\/title>\n<meta name=\"robots\" content=\"noindex, follow, max-snippet:-1, max-image-preview:large, max-video-preview:-1\" \/>\n<meta property=\"og:locale\" content=\"en_US\" \/>\n<meta property=\"og:type\" content=\"article\" \/>\n<meta property=\"og:title\" content=\"About - Op. Dr. \u00c7a\u011flar Ertekin\" \/>\n<meta property=\"og:description\" content=\"M.D. \u00c7a\u011flar Ertekin After completing his General Surgery Specialization training from Marmara University Faculty of Medicine, Department of General Surgery, Op.Dr \u00c7a\u011flar Ertekin worked as a General Surgery Physician at Bursa Cekirge State Hospital between 2017-2020 at Bursa City Hospital. He took part in the 2018 Zeytindal\u0131 Operation as a General Surgery Physician in the [&hellip;]\" \/>\n<meta property=\"og:url\" content=\"https:\/\/caglarertekin.com\/en\/about\/\" \/>\n<meta property=\"og:site_name\" content=\"Op. Dr. \u00c7a\u011flar Ertekin\" \/>\n<meta property=\"article:modified_time\" content=\"2021-11-10T12:09:27+00:00\" \/>\n<meta property=\"og:image\" content=\"https:\/\/caglarertekin.com\/en\/wp-content\/uploads\/2021\/11\/img-20210115-wa0027-1.jpg\" \/>\n<meta name=\"twitter:card\" content=\"summary_large_image\" \/>\n<meta name=\"twitter:label1\" content=\"Est. reading time\" \/>\n\t<meta name=\"twitter:data1\" content=\"1 minute\" \/>\n<script type=\"application\/ld+json\" class=\"yoast-schema-graph\">{\"@context\":\"https:\/\/schema.org\",\"@graph\":[{\"@type\":\"WebPage\",\"@id\":\"https:\/\/caglarertekin.com\/en\/about\/\",\"url\":\"https:\/\/caglarertekin.com\/en\/about\/\",\"name\":\"About - Op. Dr. \u00c7a\u011flar Ertekin\",\"isPartOf\":{\"@id\":\"https:\/\/caglarertekin.com\/en\/#website\"},\"primaryImageOfPage\":{\"@id\":\"https:\/\/caglarertekin.com\/en\/about\/#primaryimage\"},\"image\":{\"@id\":\"https:\/\/caglarertekin.com\/en\/about\/#primaryimage\"},\"thumbnailUrl\":\"https:\/\/caglarertekin.com\/en\/wp-content\/uploads\/2021\/11\/img-20210115-wa0027-1.jpg\",\"datePublished\":\"2021-08-27T12:45:18+00:00\",\"dateModified\":\"2021-11-10T12:09:27+00:00\",\"breadcrumb\":{\"@id\":\"https:\/\/caglarertekin.com\/en\/about\/#breadcrumb\"},\"inLanguage\":\"en-US\",\"potentialAction\":[{\"@type\":\"ReadAction\",\"target\":[\"https:\/\/caglarertekin.com\/en\/about\/\"]}]},{\"@type\":\"ImageObject\",\"inLanguage\":\"en-US\",\"@id\":\"https:\/\/caglarertekin.com\/en\/about\/#primaryimage\",\"url\":\"https:\/\/caglarertekin.com\/en\/wp-content\/uploads\/2021\/11\/img-20210115-wa0027-1.jpg\",\"contentUrl\":\"https:\/\/caglarertekin.com\/en\/wp-content\/uploads\/2021\/11\/img-20210115-wa0027-1.jpg\",\"width\":1200,\"height\":1600},{\"@type\":\"BreadcrumbList\",\"@id\":\"https:\/\/caglarertekin.com\/en\/about\/#breadcrumb\",\"itemListElement\":[{\"@type\":\"ListItem\",\"position\":1,\"name\":\"Anasayfa\",\"item\":\"https:\/\/caglarertekin.com\/en\/\"},{\"@type\":\"ListItem\",\"position\":2,\"name\":\"About\"}]},{\"@type\":\"WebSite\",\"@id\":\"https:\/\/caglarertekin.com\/en\/#website\",\"url\":\"https:\/\/caglarertekin.com\/en\/\",\"name\":\"Op. Dr. \u00c7a\u011flar Ertekin\",\"description\":\"General Surgery\",\"potentialAction\":[{\"@type\":\"SearchAction\",\"target\":{\"@type\":\"EntryPoint\",\"urlTemplate\":\"https:\/\/caglarertekin.com\/en\/?s={search_term_string}\"},\"query-input\":{\"@type\":\"PropertyValueSpecification\",\"valueRequired\":true,\"valueName\":\"search_term_string\"}}],\"inLanguage\":\"en-US\"}]}<\/script>\n<!-- \/ Yoast SEO plugin. -->","yoast_head_json":{"title":"About - Op. Dr. \u00c7a\u011flar Ertekin","robots":{"index":"noindex","follow":"follow","max-snippet":"max-snippet:-1","max-image-preview":"max-image-preview:large","max-video-preview":"max-video-preview:-1"},"og_locale":"en_US","og_type":"article","og_title":"About - Op. Dr. \u00c7a\u011flar Ertekin","og_description":"M.D. \u00c7a\u011flar Ertekin After completing his General Surgery Specialization training from Marmara University Faculty of Medicine, Department of General Surgery, Op.Dr \u00c7a\u011flar Ertekin worked as a General Surgery Physician at Bursa Cekirge State Hospital between 2017-2020 at Bursa City Hospital. He took part in the 2018 Zeytindal\u0131 Operation as a General Surgery Physician in the [&hellip;]","og_url":"https:\/\/caglarertekin.com\/en\/about\/","og_site_name":"Op. Dr. \u00c7a\u011flar Ertekin","article_modified_time":"2021-11-10T12:09:27+00:00","og_image":[{"url":"https:\/\/caglarertekin.com\/en\/wp-content\/uploads\/2021\/11\/img-20210115-wa0027-1.jpg","type":"","width":"","height":""}],"twitter_card":"summary_large_image","twitter_misc":{"Est. reading time":"1 minute"},"schema":{"@context":"https:\/\/schema.org","@graph":[{"@type":"WebPage","@id":"https:\/\/caglarertekin.com\/en\/about\/","url":"https:\/\/caglarertekin.com\/en\/about\/","name":"About - Op. Dr. \u00c7a\u011flar Ertekin","isPartOf":{"@id":"https:\/\/caglarertekin.com\/en\/#website"},"primaryImageOfPage":{"@id":"https:\/\/caglarertekin.com\/en\/about\/#primaryimage"},"image":{"@id":"https:\/\/caglarertekin.com\/en\/about\/#primaryimage"},"thumbnailUrl":"https:\/\/caglarertekin.com\/en\/wp-content\/uploads\/2021\/11\/img-20210115-wa0027-1.jpg","datePublished":"2021-08-27T12:45:18+00:00","dateModified":"2021-11-10T12:09:27+00:00","breadcrumb":{"@id":"https:\/\/caglarertekin.com\/en\/about\/#breadcrumb"},"inLanguage":"en-US","potentialAction":[{"@type":"ReadAction","target":["https:\/\/caglarertekin.com\/en\/about\/"]}]},{"@type":"ImageObject","inLanguage":"en-US","@id":"https:\/\/caglarertekin.com\/en\/about\/#primaryimage","url":"https:\/\/caglarertekin.com\/en\/wp-content\/uploads\/2021\/11\/img-20210115-wa0027-1.jpg","contentUrl":"https:\/\/caglarertekin.com\/en\/wp-content\/uploads\/2021\/11\/img-20210115-wa0027-1.jpg","width":1200,"height":1600},{"@type":"BreadcrumbList","@id":"https:\/\/caglarertekin.com\/en\/about\/#breadcrumb","itemListElement":[{"@type":"ListItem","position":1,"name":"Anasayfa","item":"https:\/\/caglarertekin.com\/en\/"},{"@type":"ListItem","position":2,"name":"About"}]},{"@type":"WebSite","@id":"https:\/\/caglarertekin.com\/en\/#website","url":"https:\/\/caglarertekin.com\/en\/","name":"Op. Dr. \u00c7a\u011flar Ertekin","description":"General Surgery","potentialAction":[{"@type":"SearchAction","target":{"@type":"EntryPoint","urlTemplate":"https:\/\/caglarertekin.com\/en\/?s={search_term_string}"},"query-input":{"@type":"PropertyValueSpecification","valueRequired":true,"valueName":"search_term_string"}}],"inLanguage":"en-US"}]}},"_links":{"self":[{"href":"https:\/\/caglarertekin.com\/en\/wp-json\/wp\/v2\/pages\/7","targetHints":{"allow":["GET"]}}],"collection":[{"href":"https:\/\/caglarertekin.com\/en\/wp-json\/wp\/v2\/pages"}],"about":[{"href":"https:\/\/caglarertekin.com\/en\/wp-json\/wp\/v2\/types\/page"}],"author":[{"embeddable":true,"href":"https:\/\/caglarertekin.com\/en\/wp-json\/wp\/v2\/users\/1"}],"replies":[{"embeddable":true,"href":"https:\/\/caglarertekin.com\/en\/wp-json\/wp\/v2\/comments?post=7"}],"version-history":[{"count":0,"href":"https:\/\/caglarertekin.com\/en\/wp-json\/wp\/v2\/pages\/7\/revisions"}],"wp:attachment":[{"href":"https:\/\/caglarertekin.com\/en\/wp-json\/wp\/v2\/media?parent=7"}],"curies":[{"name":"wp","href":"https:\/\/api.w.org\/{rel}","templated":true}]}}