{"id":9747,"date":"2021-11-09T11:41:45","date_gmt":"2021-11-09T08:41:45","guid":{"rendered":"https:\/\/caglarertekin.com\/?page_id=9747"},"modified":"2021-11-09T15:22:56","modified_gmt":"2021-11-09T12:22:56","slug":"research-and-publications","status":"publish","type":"page","link":"https:\/\/caglarertekin.com\/en\/research-and-publications\/","title":{"rendered":"Research and Publications"},"content":{"rendered":"\t\t<div data-elementor-type=\"wp-page\" data-elementor-id=\"9747\" class=\"elementor elementor-9747\">\n\t\t\t\t\t\t<section class=\"elementor-section elementor-top-section elementor-element elementor-element-a2d2f53 elementor-section-boxed elementor-section-height-default elementor-section-height-default\" data-id=\"a2d2f53\" data-element_type=\"section\">\n\t\t\t\t\t\t<div class=\"elementor-container elementor-column-gap-default\">\n\t\t\t\t\t<div class=\"elementor-column elementor-col-100 elementor-top-column elementor-element elementor-element-7761ba2\" data-id=\"7761ba2\" data-element_type=\"column\">\n\t\t\t<div class=\"elementor-widget-wrap elementor-element-populated\">\n\t\t\t\t\t\t<div class=\"elementor-element elementor-element-29350ad elementor-widget elementor-widget-text-editor\" data-id=\"29350ad\" data-element_type=\"widget\" data-widget_type=\"text-editor.default\">\n\t\t\t\t<div class=\"elementor-widget-container\">\n\t\t\t\t\t\t\t\t\t<h2>Publications and articles that published on international magazines:<\/h2>\n<ul>\n<li>Attaallah, W., Ertekin, S. C., &amp; Yegen, C. (2018). Prospective study of sexual dysfunction after proctectomy for rectal cancer. Asian journal of surgery, 41(5), 454-461.<\/li>\n<li>Attaallah, W., Ertekin, C., Tinay, I., &amp; Yegen, C. (2014). High rate of sexual dysfunction following surgery for rectal cancer. Annals of coloproctology, 30(5), 210.<\/li>\n<li>Ertekin, Suleyman Caglar, and Tolga Ozmen. &#8220;Primary hydatid cyst of the small intestine: A rare case report and brief review of the literature.&#8221; Cureus 8.7 (2016).<\/li>\n<li>Ertekin, S. \u00c7., Attaallah, W., &amp; Ergelen, R. (2019). Uylu\u011fun Lateral Taraf\u0131nda Derin Yumu\u015fak Doku Enfeksiyonu ile Ba\u015fvuran Bir Perianal Fist\u00fcl Olgusu. Turkish Journal of Colorectal Disease, 29(1), 54.m<\/li>\n<\/ul>\t\t\t\t\t\t\t\t<\/div>\n\t\t\t\t<\/div>\n\t\t\t\t\t<\/div>\n\t\t<\/div>\n\t\t\t\t\t<\/div>\n\t\t<\/section>\n\t\t\t\t<\/div>\n\t\t","protected":false},"excerpt":{"rendered":"<p>Publications and articles that published on international magazines: Attaallah, W., Ertekin, S. C., &amp; Yegen, C. (2018). Prospective study of sexual dysfunction after proctectomy for rectal cancer. Asian journal of surgery, 41(5), 454-461. Attaallah, W., Ertekin, C., Tinay, I., &amp; Yegen, C. (2014). High rate of sexual dysfunction following surgery for rectal cancer. Annals of [&hellip;]<\/p>\n","protected":false},"author":1,"featured_media":0,"parent":0,"menu_order":0,"comment_status":"closed","ping_status":"closed","template":"","meta":{"_acf_changed":false,"footnotes":""},"class_list":["post-9747","page","type-page","status-publish","hentry"],"acf":[],"yoast_head":"<!-- This site is optimized with the Yoast SEO plugin v26.2 - https:\/\/yoast.com\/wordpress\/plugins\/seo\/ -->\n<title>Research and Publications - Op. Dr. \u00c7a\u011flar Ertekin<\/title>\n<meta name=\"robots\" content=\"noindex, follow, max-snippet:-1, max-image-preview:large, max-video-preview:-1\" \/>\n<meta property=\"og:locale\" content=\"en_US\" \/>\n<meta property=\"og:type\" content=\"article\" \/>\n<meta property=\"og:title\" content=\"Research and Publications - Op. Dr. \u00c7a\u011flar Ertekin\" \/>\n<meta property=\"og:description\" content=\"Publications and articles that published on international magazines: Attaallah, W., Ertekin, S. C., &amp; Yegen, C. (2018). Prospective study of sexual dysfunction after proctectomy for rectal cancer. Asian journal of surgery, 41(5), 454-461. Attaallah, W., Ertekin, C., Tinay, I., &amp; Yegen, C. (2014). High rate of sexual dysfunction following surgery for rectal cancer. Annals of [&hellip;]\" \/>\n<meta property=\"og:url\" content=\"https:\/\/caglarertekin.com\/en\/research-and-publications\/\" \/>\n<meta property=\"og:site_name\" content=\"Op. Dr. \u00c7a\u011flar Ertekin\" \/>\n<meta property=\"article:modified_time\" content=\"2021-11-09T12:22:56+00:00\" \/>\n<meta name=\"twitter:card\" content=\"summary_large_image\" \/>\n<meta name=\"twitter:label1\" content=\"Est. reading time\" \/>\n\t<meta name=\"twitter:data1\" content=\"1 minute\" \/>\n<script type=\"application\/ld+json\" class=\"yoast-schema-graph\">{\"@context\":\"https:\/\/schema.org\",\"@graph\":[{\"@type\":\"WebPage\",\"@id\":\"https:\/\/caglarertekin.com\/en\/research-and-publications\/\",\"url\":\"https:\/\/caglarertekin.com\/en\/research-and-publications\/\",\"name\":\"Research and Publications - Op. Dr. \u00c7a\u011flar Ertekin\",\"isPartOf\":{\"@id\":\"https:\/\/caglarertekin.com\/en\/#website\"},\"datePublished\":\"2021-11-09T08:41:45+00:00\",\"dateModified\":\"2021-11-09T12:22:56+00:00\",\"breadcrumb\":{\"@id\":\"https:\/\/caglarertekin.com\/en\/research-and-publications\/#breadcrumb\"},\"inLanguage\":\"en-US\",\"potentialAction\":[{\"@type\":\"ReadAction\",\"target\":[\"https:\/\/caglarertekin.com\/en\/research-and-publications\/\"]}]},{\"@type\":\"BreadcrumbList\",\"@id\":\"https:\/\/caglarertekin.com\/en\/research-and-publications\/#breadcrumb\",\"itemListElement\":[{\"@type\":\"ListItem\",\"position\":1,\"name\":\"Anasayfa\",\"item\":\"https:\/\/caglarertekin.com\/en\/\"},{\"@type\":\"ListItem\",\"position\":2,\"name\":\"Research and Publications\"}]},{\"@type\":\"WebSite\",\"@id\":\"https:\/\/caglarertekin.com\/en\/#website\",\"url\":\"https:\/\/caglarertekin.com\/en\/\",\"name\":\"Op. Dr. \u00c7a\u011flar Ertekin\",\"description\":\"General Surgery\",\"potentialAction\":[{\"@type\":\"SearchAction\",\"target\":{\"@type\":\"EntryPoint\",\"urlTemplate\":\"https:\/\/caglarertekin.com\/en\/?s={search_term_string}\"},\"query-input\":{\"@type\":\"PropertyValueSpecification\",\"valueRequired\":true,\"valueName\":\"search_term_string\"}}],\"inLanguage\":\"en-US\"}]}<\/script>\n<!-- \/ Yoast SEO plugin. -->","yoast_head_json":{"title":"Research and Publications - Op. Dr. \u00c7a\u011flar Ertekin","robots":{"index":"noindex","follow":"follow","max-snippet":"max-snippet:-1","max-image-preview":"max-image-preview:large","max-video-preview":"max-video-preview:-1"},"og_locale":"en_US","og_type":"article","og_title":"Research and Publications - Op. Dr. \u00c7a\u011flar Ertekin","og_description":"Publications and articles that published on international magazines: Attaallah, W., Ertekin, S. C., &amp; Yegen, C. (2018). Prospective study of sexual dysfunction after proctectomy for rectal cancer. Asian journal of surgery, 41(5), 454-461. Attaallah, W., Ertekin, C., Tinay, I., &amp; Yegen, C. (2014). High rate of sexual dysfunction following surgery for rectal cancer. Annals of [&hellip;]","og_url":"https:\/\/caglarertekin.com\/en\/research-and-publications\/","og_site_name":"Op. Dr. \u00c7a\u011flar Ertekin","article_modified_time":"2021-11-09T12:22:56+00:00","twitter_card":"summary_large_image","twitter_misc":{"Est. reading time":"1 minute"},"schema":{"@context":"https:\/\/schema.org","@graph":[{"@type":"WebPage","@id":"https:\/\/caglarertekin.com\/en\/research-and-publications\/","url":"https:\/\/caglarertekin.com\/en\/research-and-publications\/","name":"Research and Publications - Op. Dr. \u00c7a\u011flar Ertekin","isPartOf":{"@id":"https:\/\/caglarertekin.com\/en\/#website"},"datePublished":"2021-11-09T08:41:45+00:00","dateModified":"2021-11-09T12:22:56+00:00","breadcrumb":{"@id":"https:\/\/caglarertekin.com\/en\/research-and-publications\/#breadcrumb"},"inLanguage":"en-US","potentialAction":[{"@type":"ReadAction","target":["https:\/\/caglarertekin.com\/en\/research-and-publications\/"]}]},{"@type":"BreadcrumbList","@id":"https:\/\/caglarertekin.com\/en\/research-and-publications\/#breadcrumb","itemListElement":[{"@type":"ListItem","position":1,"name":"Anasayfa","item":"https:\/\/caglarertekin.com\/en\/"},{"@type":"ListItem","position":2,"name":"Research and Publications"}]},{"@type":"WebSite","@id":"https:\/\/caglarertekin.com\/en\/#website","url":"https:\/\/caglarertekin.com\/en\/","name":"Op. Dr. \u00c7a\u011flar Ertekin","description":"General Surgery","potentialAction":[{"@type":"SearchAction","target":{"@type":"EntryPoint","urlTemplate":"https:\/\/caglarertekin.com\/en\/?s={search_term_string}"},"query-input":{"@type":"PropertyValueSpecification","valueRequired":true,"valueName":"search_term_string"}}],"inLanguage":"en-US"}]}},"_links":{"self":[{"href":"https:\/\/caglarertekin.com\/en\/wp-json\/wp\/v2\/pages\/9747","targetHints":{"allow":["GET"]}}],"collection":[{"href":"https:\/\/caglarertekin.com\/en\/wp-json\/wp\/v2\/pages"}],"about":[{"href":"https:\/\/caglarertekin.com\/en\/wp-json\/wp\/v2\/types\/page"}],"author":[{"embeddable":true,"href":"https:\/\/caglarertekin.com\/en\/wp-json\/wp\/v2\/users\/1"}],"replies":[{"embeddable":true,"href":"https:\/\/caglarertekin.com\/en\/wp-json\/wp\/v2\/comments?post=9747"}],"version-history":[{"count":0,"href":"https:\/\/caglarertekin.com\/en\/wp-json\/wp\/v2\/pages\/9747\/revisions"}],"wp:attachment":[{"href":"https:\/\/caglarertekin.com\/en\/wp-json\/wp\/v2\/media?parent=9747"}],"curies":[{"name":"wp","href":"https:\/\/api.w.org\/{rel}","templated":true}]}}