{"id":9752,"date":"2021-11-09T11:44:15","date_gmt":"2021-11-09T08:44:15","guid":{"rendered":"https:\/\/caglarertekin.com\/?page_id=9752"},"modified":"2021-11-09T15:23:57","modified_gmt":"2021-11-09T12:23:57","slug":"speaches","status":"publish","type":"page","link":"https:\/\/caglarertekin.com\/en\/speaches\/","title":{"rendered":"Speaches"},"content":{"rendered":"\t\t<div data-elementor-type=\"wp-page\" data-elementor-id=\"9752\" class=\"elementor elementor-9752\">\n\t\t\t\t\t\t<section class=\"elementor-section elementor-top-section elementor-element elementor-element-cd19a30 elementor-section-boxed elementor-section-height-default elementor-section-height-default\" data-id=\"cd19a30\" data-element_type=\"section\">\n\t\t\t\t\t\t<div class=\"elementor-container elementor-column-gap-default\">\n\t\t\t\t\t<div class=\"elementor-column elementor-col-100 elementor-top-column elementor-element elementor-element-3a6e2f2\" data-id=\"3a6e2f2\" data-element_type=\"column\">\n\t\t\t<div class=\"elementor-widget-wrap elementor-element-populated\">\n\t\t\t\t\t\t<div class=\"elementor-element elementor-element-889f4b8 elementor-widget elementor-widget-text-editor\" data-id=\"889f4b8\" data-element_type=\"widget\" data-widget_type=\"text-editor.default\">\n\t\t\t\t<div class=\"elementor-widget-container\">\n\t\t\t\t\t\t\t\t\t<p>1. REKTUM KANSER\u0130 CERRAH\u0130S\u0130 SONRASINDA C\u0130NSEL FONKS\u0130YON BOZUKLU\u011eU GEL\u0130\u015eME ORANI<\/p>\n<p>Wafi Attaallah, \u00c7a\u011flar Ertekin, \u0130lker Tinay, \u00dcmit U\u011furlu, Cumhur Ye\u011fen . Marmara \u00dcniversitesi Genel Cerrahi Ana Bilim Dal\u0131, \u0130stanbul 2Marmara \u00dcniversitesi \u00dcroloji Ana Bilim Dal\u0131, \u0130stanbul,7.CERRAH\u0130 ARA\u015eTIRMA KONGRES\u0130 07-09 Kas\u0131m 2013 \u2013 Ankara Rixos Grand OteL<\/p><p>2. REKTUM KANSER\u0130 HASTALARINDA CERRAH\u0130 \u00d6NCES\u0130 VE SONRASI C\u0130NSEL FONKS\u0130YON BOZUKLU\u011eU ORANLARININ DE\u011eERLEND\u0130R\u0130LMES\u0130. PROSPEKT\u0130F \u00c7ALI\u015eMA.<\/p><p><span style=\"font-family: var( --e-global-typography-text-font-family ), Sans-serif; font-size: 1rem; font-weight: var( --e-global-typography-text-font-weight );\">Wafi Attaallah, S\u00fcleyman \u00c7a\u011flar Ertekin, Cumhur Ye\u011fen. Ulusal cerrahi kongresi 2016. Antalya<\/span><br><\/p><p>3. TEK TROKAR KULLANILARAK YAPILAN LAPAROSKOPI\u0307K PRI\u0307MER UMBI\u0307LI\u0307KAL FITIK ONARIMI (LAP-DI\u0307KI\u0307\u015e TEKNI\u0307\u011eI\u0307) UYGULANABI\u0307LI\u0307R BI\u0307R Y\u00d6NTEM MI\u0307DI\u0307R?<\/p><p>S\u00fcleyman \u00c7a\u011flar Ertek\u0131\u0307n, Ulusal F\u0131t\u0131k Kongresi 2019. \u0130zmir<\/p><p>LAPAROSKOPI\u0307K TRANSABDOMI\u0307NAL PREPERI\u0307TONEAL (TAPP) I\u0307NGUI\u0307NAL FITIK ONARIMINDA FITIK DEFEKTI\u0307 S\u00dcT\u00dcR I\u0307LE KAPATILMALI MI?<\/p><p>S\u00fcleyman \u00c7a\u011flar Ertek\u0131\u0307n, Ulusal F\u0131t\u0131k Kongresi 2019. \u0130zmir<\/p>\t\t\t\t\t\t\t\t<\/div>\n\t\t\t\t<\/div>\n\t\t\t\t\t<\/div>\n\t\t<\/div>\n\t\t\t\t\t<\/div>\n\t\t<\/section>\n\t\t\t\t<\/div>\n\t\t","protected":false},"excerpt":{"rendered":"<p>1. REKTUM KANSER\u0130 CERRAH\u0130S\u0130 SONRASINDA C\u0130NSEL FONKS\u0130YON BOZUKLU\u011eU GEL\u0130\u015eME ORANI Wafi Attaallah, \u00c7a\u011flar Ertekin, \u0130lker Tinay, \u00dcmit U\u011furlu, Cumhur Ye\u011fen . Marmara \u00dcniversitesi Genel Cerrahi Ana Bilim Dal\u0131, \u0130stanbul 2Marmara \u00dcniversitesi \u00dcroloji Ana Bilim Dal\u0131, \u0130stanbul,7.CERRAH\u0130 ARA\u015eTIRMA KONGRES\u0130 07-09 Kas\u0131m 2013 \u2013 Ankara Rixos Grand OteL 2. REKTUM KANSER\u0130 HASTALARINDA CERRAH\u0130 \u00d6NCES\u0130 VE SONRASI C\u0130NSEL [&hellip;]<\/p>\n","protected":false},"author":1,"featured_media":0,"parent":0,"menu_order":0,"comment_status":"closed","ping_status":"closed","template":"","meta":{"_acf_changed":false,"footnotes":""},"class_list":["post-9752","page","type-page","status-publish","hentry"],"acf":[],"yoast_head":"<!-- This site is optimized with the Yoast SEO plugin v26.2 - https:\/\/yoast.com\/wordpress\/plugins\/seo\/ -->\n<title>Speaches - Op. Dr. \u00c7a\u011flar Ertekin<\/title>\n<meta name=\"robots\" content=\"noindex, follow, max-snippet:-1, max-image-preview:large, max-video-preview:-1\" \/>\n<meta property=\"og:locale\" content=\"en_US\" \/>\n<meta property=\"og:type\" content=\"article\" \/>\n<meta property=\"og:title\" content=\"Speaches - Op. Dr. \u00c7a\u011flar Ertekin\" \/>\n<meta property=\"og:description\" content=\"1. REKTUM KANSER\u0130 CERRAH\u0130S\u0130 SONRASINDA C\u0130NSEL FONKS\u0130YON BOZUKLU\u011eU GEL\u0130\u015eME ORANI Wafi Attaallah, \u00c7a\u011flar Ertekin, \u0130lker Tinay, \u00dcmit U\u011furlu, Cumhur Ye\u011fen . Marmara \u00dcniversitesi Genel Cerrahi Ana Bilim Dal\u0131, \u0130stanbul 2Marmara \u00dcniversitesi \u00dcroloji Ana Bilim Dal\u0131, \u0130stanbul,7.CERRAH\u0130 ARA\u015eTIRMA KONGRES\u0130 07-09 Kas\u0131m 2013 \u2013 Ankara Rixos Grand OteL 2. REKTUM KANSER\u0130 HASTALARINDA CERRAH\u0130 \u00d6NCES\u0130 VE SONRASI C\u0130NSEL [&hellip;]\" \/>\n<meta property=\"og:url\" content=\"https:\/\/caglarertekin.com\/en\/speaches\/\" \/>\n<meta property=\"og:site_name\" content=\"Op. Dr. \u00c7a\u011flar Ertekin\" \/>\n<meta property=\"article:modified_time\" content=\"2021-11-09T12:23:57+00:00\" \/>\n<meta name=\"twitter:card\" content=\"summary_large_image\" \/>\n<meta name=\"twitter:label1\" content=\"Est. reading time\" \/>\n\t<meta name=\"twitter:data1\" content=\"1 minute\" \/>\n<script type=\"application\/ld+json\" class=\"yoast-schema-graph\">{\"@context\":\"https:\/\/schema.org\",\"@graph\":[{\"@type\":\"WebPage\",\"@id\":\"https:\/\/caglarertekin.com\/en\/speaches\/\",\"url\":\"https:\/\/caglarertekin.com\/en\/speaches\/\",\"name\":\"Speaches - Op. Dr. \u00c7a\u011flar Ertekin\",\"isPartOf\":{\"@id\":\"https:\/\/caglarertekin.com\/en\/#website\"},\"datePublished\":\"2021-11-09T08:44:15+00:00\",\"dateModified\":\"2021-11-09T12:23:57+00:00\",\"breadcrumb\":{\"@id\":\"https:\/\/caglarertekin.com\/en\/speaches\/#breadcrumb\"},\"inLanguage\":\"en-US\",\"potentialAction\":[{\"@type\":\"ReadAction\",\"target\":[\"https:\/\/caglarertekin.com\/en\/speaches\/\"]}]},{\"@type\":\"BreadcrumbList\",\"@id\":\"https:\/\/caglarertekin.com\/en\/speaches\/#breadcrumb\",\"itemListElement\":[{\"@type\":\"ListItem\",\"position\":1,\"name\":\"Anasayfa\",\"item\":\"https:\/\/caglarertekin.com\/en\/\"},{\"@type\":\"ListItem\",\"position\":2,\"name\":\"Speaches\"}]},{\"@type\":\"WebSite\",\"@id\":\"https:\/\/caglarertekin.com\/en\/#website\",\"url\":\"https:\/\/caglarertekin.com\/en\/\",\"name\":\"Op. Dr. \u00c7a\u011flar Ertekin\",\"description\":\"General Surgery\",\"potentialAction\":[{\"@type\":\"SearchAction\",\"target\":{\"@type\":\"EntryPoint\",\"urlTemplate\":\"https:\/\/caglarertekin.com\/en\/?s={search_term_string}\"},\"query-input\":{\"@type\":\"PropertyValueSpecification\",\"valueRequired\":true,\"valueName\":\"search_term_string\"}}],\"inLanguage\":\"en-US\"}]}<\/script>\n<!-- \/ Yoast SEO plugin. -->","yoast_head_json":{"title":"Speaches - Op. Dr. \u00c7a\u011flar Ertekin","robots":{"index":"noindex","follow":"follow","max-snippet":"max-snippet:-1","max-image-preview":"max-image-preview:large","max-video-preview":"max-video-preview:-1"},"og_locale":"en_US","og_type":"article","og_title":"Speaches - Op. Dr. \u00c7a\u011flar Ertekin","og_description":"1. REKTUM KANSER\u0130 CERRAH\u0130S\u0130 SONRASINDA C\u0130NSEL FONKS\u0130YON BOZUKLU\u011eU GEL\u0130\u015eME ORANI Wafi Attaallah, \u00c7a\u011flar Ertekin, \u0130lker Tinay, \u00dcmit U\u011furlu, Cumhur Ye\u011fen . Marmara \u00dcniversitesi Genel Cerrahi Ana Bilim Dal\u0131, \u0130stanbul 2Marmara \u00dcniversitesi \u00dcroloji Ana Bilim Dal\u0131, \u0130stanbul,7.CERRAH\u0130 ARA\u015eTIRMA KONGRES\u0130 07-09 Kas\u0131m 2013 \u2013 Ankara Rixos Grand OteL 2. REKTUM KANSER\u0130 HASTALARINDA CERRAH\u0130 \u00d6NCES\u0130 VE SONRASI C\u0130NSEL [&hellip;]","og_url":"https:\/\/caglarertekin.com\/en\/speaches\/","og_site_name":"Op. Dr. \u00c7a\u011flar Ertekin","article_modified_time":"2021-11-09T12:23:57+00:00","twitter_card":"summary_large_image","twitter_misc":{"Est. reading time":"1 minute"},"schema":{"@context":"https:\/\/schema.org","@graph":[{"@type":"WebPage","@id":"https:\/\/caglarertekin.com\/en\/speaches\/","url":"https:\/\/caglarertekin.com\/en\/speaches\/","name":"Speaches - Op. Dr. \u00c7a\u011flar Ertekin","isPartOf":{"@id":"https:\/\/caglarertekin.com\/en\/#website"},"datePublished":"2021-11-09T08:44:15+00:00","dateModified":"2021-11-09T12:23:57+00:00","breadcrumb":{"@id":"https:\/\/caglarertekin.com\/en\/speaches\/#breadcrumb"},"inLanguage":"en-US","potentialAction":[{"@type":"ReadAction","target":["https:\/\/caglarertekin.com\/en\/speaches\/"]}]},{"@type":"BreadcrumbList","@id":"https:\/\/caglarertekin.com\/en\/speaches\/#breadcrumb","itemListElement":[{"@type":"ListItem","position":1,"name":"Anasayfa","item":"https:\/\/caglarertekin.com\/en\/"},{"@type":"ListItem","position":2,"name":"Speaches"}]},{"@type":"WebSite","@id":"https:\/\/caglarertekin.com\/en\/#website","url":"https:\/\/caglarertekin.com\/en\/","name":"Op. Dr. \u00c7a\u011flar Ertekin","description":"General Surgery","potentialAction":[{"@type":"SearchAction","target":{"@type":"EntryPoint","urlTemplate":"https:\/\/caglarertekin.com\/en\/?s={search_term_string}"},"query-input":{"@type":"PropertyValueSpecification","valueRequired":true,"valueName":"search_term_string"}}],"inLanguage":"en-US"}]}},"_links":{"self":[{"href":"https:\/\/caglarertekin.com\/en\/wp-json\/wp\/v2\/pages\/9752","targetHints":{"allow":["GET"]}}],"collection":[{"href":"https:\/\/caglarertekin.com\/en\/wp-json\/wp\/v2\/pages"}],"about":[{"href":"https:\/\/caglarertekin.com\/en\/wp-json\/wp\/v2\/types\/page"}],"author":[{"embeddable":true,"href":"https:\/\/caglarertekin.com\/en\/wp-json\/wp\/v2\/users\/1"}],"replies":[{"embeddable":true,"href":"https:\/\/caglarertekin.com\/en\/wp-json\/wp\/v2\/comments?post=9752"}],"version-history":[{"count":0,"href":"https:\/\/caglarertekin.com\/en\/wp-json\/wp\/v2\/pages\/9752\/revisions"}],"wp:attachment":[{"href":"https:\/\/caglarertekin.com\/en\/wp-json\/wp\/v2\/media?parent=9752"}],"curies":[{"name":"wp","href":"https:\/\/api.w.org\/{rel}","templated":true}]}}