{"id":9760,"date":"2021-11-09T12:43:20","date_gmt":"2021-11-09T09:43:20","guid":{"rendered":"https:\/\/caglarertekin.com\/?page_id=9760"},"modified":"2021-11-09T15:24:33","modified_gmt":"2021-11-09T12:24:33","slug":"posters","status":"publish","type":"page","link":"https:\/\/caglarertekin.com\/en\/posters\/","title":{"rendered":"Posters"},"content":{"rendered":"\t\t<div data-elementor-type=\"wp-page\" data-elementor-id=\"9760\" class=\"elementor elementor-9760\">\n\t\t\t\t\t\t<section class=\"elementor-section elementor-top-section elementor-element elementor-element-acfc6df elementor-section-boxed elementor-section-height-default elementor-section-height-default\" data-id=\"acfc6df\" data-element_type=\"section\">\n\t\t\t\t\t\t<div class=\"elementor-container elementor-column-gap-default\">\n\t\t\t\t\t<div class=\"elementor-column elementor-col-100 elementor-top-column elementor-element elementor-element-cb55745\" data-id=\"cb55745\" data-element_type=\"column\">\n\t\t\t<div class=\"elementor-widget-wrap elementor-element-populated\">\n\t\t\t\t\t\t<div class=\"elementor-element elementor-element-ea07079 elementor-widget elementor-widget-text-editor\" data-id=\"ea07079\" data-element_type=\"widget\" data-widget_type=\"text-editor.default\">\n\t\t\t\t<div class=\"elementor-widget-container\">\n\t\t\t\t\t\t\t\t\t<p>EFFECT OF PER\u0130TONEAL \u0130RR\u0130GAT\u0130ON W\u0130TH SERUM CONTA\u0130N ANT\u0130OT\u0130C ON ON SURG\u0130CAL S\u0130TE \u0130NFECT\u0130ON \u0130N PAT\u0130ENTS W\u0130TH ELECT\u0130VE COLORECTAL SURGERY. Elif \u00d6z\u00e7imen, \u00dcmit U\u011furlu, \u00c7a\u011flar Ertekin, Wafi Attaallah, Tolga \u00d6zmen, Cumhur Ye\u011fen. 14. National Congress of Colon and Rectal Surgery. Antalya 15-19 may, 2013<br>PROGNOST\u0130C IMPACT OF THE METASTAT\u0130C LYMPH NODE RAT\u0130O ON SURV\u0130VAL \u0130N GASTR\u0130C CANCER. Wafi Attaallah, Mirhalig Javadov, Burak Kara, \u00c7a\u011flar Ertekin, Cumhur Ye\u011fen. 19. National Surgical Congress, 16-20 April, 2014.Antalya.<\/p><p>LAPAROSKOP\u0130K SLEEVE GASTREKTOM\u0130 SONU\u00c7LARIMIZ. Orhan BAT, Wafi ATTAALLAH, \u015eakir KARPUZ, Muhammer ERGEN\u00c7, \u00c7a\u011flar ERTEK\u0130N, \u00d6mer G\u00dcNAL. Ulusal Endoskopik Laparoskopik Cerrahi Kongresi, 2015 Antalya.<\/p><p>OSTEOMYEL\u0130T \u0130LE BA\u015eVURAN HASTADA UYLU\u011eA UZANAN SUPRASF\u0130NKTER\u0130K AT\u0130P\u0130K PER\u0130ANAL F\u0130ST\u00dcL VAKASI (BACAK F\u0130ST\u00dcL\u00dc). \u00c7a\u011flar Ertekin, Wafi Attaallah. Ulusal cerrahi kongresi 2016. Antalya.<\/p>\n<p>Ertekin S\u00fcleyman \u00c7a\u011flar, KARA YAL\u00c7IN BURAK, Co\u015fkun Mumin, UPRAK TEVF\u0130K KIVILCIM, ATALAY VAF\u0130, Ye\u011fen \u015eevket Cumhur, &#8220;LAPAROSKOP\u0130K TOTAL EKSTRAPER\u0130TONEAL VE A\u00c7IK KASIK FITI\u011eI ONARIM TEKN\u0130NKLER\u0130N\u0130N KAR\u015eILA\u015eTIRILMASI&#8221;, 21.ULUSAL CERRAH\u0130 KONGRES\u0130, 2018.<\/p>\n<p>Ertekin S\u00fcleyman \u00c7a\u011flar, KARA YAL\u00c7IN BURAK, Co\u015fkun Mumin, UPRAK TEVF\u0130K KIVILCIM,ATALAY VAF\u0130, Ye\u011fen \u015eevket Cumhur, G\u00dcNAL \u00d6MER, &#8220;REKTAL DEV T\u00dcBULOV\u0130LL\u00d6Z ADENOM ZEM\u0130N\u0130NDE M\u00dcS\u0130N\u00d6Z ADENOKARS\u0130NOMUN TRANANAL EKS\u0130ZYON&#8221;, 21.ULUSAL CERRAH\u0130 KONGRES\u0130, 2018.<\/p>\n<p>Ertekin S\u00fcleyman \u00c7a\u011flar, KARA YAL\u00c7IN BURAK, Co\u015fkun Mumin, UPRAK TEVF\u0130K KIVILCIM,ATALAY VAF\u0130, Ye\u011fen \u015eevket Cumhur, G\u00dcNAL \u00d6MER, &#8220;SA\u011e \u0130NGU\u0130NAL HERN\u0130Y\u0130 TAKL\u0130T EDEN SPERMAT\u0130K KORD L\u0130POSARKOM OLGUSU&#8221;, 21.ULUSAL CERRAH\u0130 KONGRES\u0130, 2018.<\/p>\n<p>MAL\u0130GN M\u0130DE T\u00dcM\u00d6R\u00dcN\u00dc TAKL\u0130T EDEN DEV SOL\u0130TER GASTR\u0130K PEUTZ-JEGHERS POL\u0130P\u0130 \u2013 NAD\u0130R OLGU SUNUMU S\u00fcleyman \u00c7a\u011flar Ertekin, Tolga \u00d6zmen<\/p><p>T.C. Sa\u011fl\u0131k Bakanl\u0131\u011f\u0131 Marmara \u00dcniversitesi T\u0131p Fak\u00fcltesi Pendik E\u011fitim ve Ara\u015ft\u0131rma Hastanesi Genel Cerrahi Ana Bilim Dal\u0131,\u0130stanbul,20.Ulusal Cerrahi Kongresi 13-17 Nisan 2016, Antalya<\/p>\n<p>RETROPER\u0130TONEAL SARKOMLARLA \u0130LG\u0130L\u0130 MARMARA \u00dcN\u0130VERS\u0130TES\u0130 DENEY\u0130M\u0130<br>\u015eafak Co\u015fkun, Tolga Baha Demirba\u015f, \u00c7a\u011flar S\u00fcleyman Ertekin, Cumhur \u015eevket Ye\u011fen,20.Ulusal Cerrahi Kongresi 13-17 Nisan 2016, Antalya<\/p>\n<p>\u0130NCE BA\u011eIRSAKTA NAD\u0130R G\u00d6R\u00dcLEN B\u0130R OLGU &#8211; PR\u0130MER K\u0130ST H\u0130DAT\u0130K VE LAPAROSKOP\u0130K TEDAV\u0130S\u0130<br>S\u00fcleyman \u00c7a\u011flar Ertekin, Tolga \u00d6zmen,20.Ulusal Cerrahi Kongresi 13-17 Nisan 2016, Antalya<\/p>\n<p>HIGH RATE OF SEXUAL DYSFUNCTION FOLLOW\u0130NG SURGERY FOR RECTAL CANCER<br>W. Attaallah1, C. Ertekin1, I. Tinay2, C. Yegen1.Tripartite Colorectal Meeting of the American Society of Colon&amp;Rectal Surgeons (ASCRS);From Jun, 30, 2014 to Jul, 3, 2014<\/p>\t\t\t\t\t\t\t\t<\/div>\n\t\t\t\t<\/div>\n\t\t\t\t\t<\/div>\n\t\t<\/div>\n\t\t\t\t\t<\/div>\n\t\t<\/section>\n\t\t\t\t<\/div>\n\t\t","protected":false},"excerpt":{"rendered":"<p>EFFECT OF PER\u0130TONEAL \u0130RR\u0130GAT\u0130ON W\u0130TH SERUM CONTA\u0130N ANT\u0130OT\u0130C ON ON SURG\u0130CAL S\u0130TE \u0130NFECT\u0130ON \u0130N PAT\u0130ENTS W\u0130TH ELECT\u0130VE COLORECTAL SURGERY. Elif \u00d6z\u00e7imen, \u00dcmit U\u011furlu, \u00c7a\u011flar Ertekin, Wafi Attaallah, Tolga \u00d6zmen, Cumhur Ye\u011fen. 14. National Congress of Colon and Rectal Surgery. Antalya 15-19 may, 2013 PROGNOST\u0130C IMPACT OF THE METASTAT\u0130C LYMPH NODE RAT\u0130O ON SURV\u0130VAL \u0130N GASTR\u0130C [&hellip;]<\/p>\n","protected":false},"author":1,"featured_media":0,"parent":0,"menu_order":0,"comment_status":"closed","ping_status":"closed","template":"","meta":{"_acf_changed":false,"footnotes":""},"class_list":["post-9760","page","type-page","status-publish","hentry"],"acf":[],"yoast_head":"<!-- This site is optimized with the Yoast SEO plugin v26.2 - https:\/\/yoast.com\/wordpress\/plugins\/seo\/ -->\n<title>Posters - Op. Dr. \u00c7a\u011flar Ertekin<\/title>\n<meta name=\"robots\" content=\"noindex, follow, max-snippet:-1, max-image-preview:large, max-video-preview:-1\" \/>\n<meta property=\"og:locale\" content=\"en_US\" \/>\n<meta property=\"og:type\" content=\"article\" \/>\n<meta property=\"og:title\" content=\"Posters - Op. Dr. \u00c7a\u011flar Ertekin\" \/>\n<meta property=\"og:description\" content=\"EFFECT OF PER\u0130TONEAL \u0130RR\u0130GAT\u0130ON W\u0130TH SERUM CONTA\u0130N ANT\u0130OT\u0130C ON ON SURG\u0130CAL S\u0130TE \u0130NFECT\u0130ON \u0130N PAT\u0130ENTS W\u0130TH ELECT\u0130VE COLORECTAL SURGERY. Elif \u00d6z\u00e7imen, \u00dcmit U\u011furlu, \u00c7a\u011flar Ertekin, Wafi Attaallah, Tolga \u00d6zmen, Cumhur Ye\u011fen. 14. National Congress of Colon and Rectal Surgery. Antalya 15-19 may, 2013 PROGNOST\u0130C IMPACT OF THE METASTAT\u0130C LYMPH NODE RAT\u0130O ON SURV\u0130VAL \u0130N GASTR\u0130C [&hellip;]\" \/>\n<meta property=\"og:url\" content=\"https:\/\/caglarertekin.com\/en\/posters\/\" \/>\n<meta property=\"og:site_name\" content=\"Op. Dr. \u00c7a\u011flar Ertekin\" \/>\n<meta property=\"article:modified_time\" content=\"2021-11-09T12:24:33+00:00\" \/>\n<meta name=\"twitter:card\" content=\"summary_large_image\" \/>\n<meta name=\"twitter:label1\" content=\"Est. reading time\" \/>\n\t<meta name=\"twitter:data1\" content=\"2 minutes\" \/>\n<script type=\"application\/ld+json\" class=\"yoast-schema-graph\">{\"@context\":\"https:\/\/schema.org\",\"@graph\":[{\"@type\":\"WebPage\",\"@id\":\"https:\/\/caglarertekin.com\/en\/posters\/\",\"url\":\"https:\/\/caglarertekin.com\/en\/posters\/\",\"name\":\"Posters - Op. Dr. \u00c7a\u011flar Ertekin\",\"isPartOf\":{\"@id\":\"https:\/\/caglarertekin.com\/en\/#website\"},\"datePublished\":\"2021-11-09T09:43:20+00:00\",\"dateModified\":\"2021-11-09T12:24:33+00:00\",\"breadcrumb\":{\"@id\":\"https:\/\/caglarertekin.com\/en\/posters\/#breadcrumb\"},\"inLanguage\":\"en-US\",\"potentialAction\":[{\"@type\":\"ReadAction\",\"target\":[\"https:\/\/caglarertekin.com\/en\/posters\/\"]}]},{\"@type\":\"BreadcrumbList\",\"@id\":\"https:\/\/caglarertekin.com\/en\/posters\/#breadcrumb\",\"itemListElement\":[{\"@type\":\"ListItem\",\"position\":1,\"name\":\"Anasayfa\",\"item\":\"https:\/\/caglarertekin.com\/en\/\"},{\"@type\":\"ListItem\",\"position\":2,\"name\":\"Posters\"}]},{\"@type\":\"WebSite\",\"@id\":\"https:\/\/caglarertekin.com\/en\/#website\",\"url\":\"https:\/\/caglarertekin.com\/en\/\",\"name\":\"Op. Dr. \u00c7a\u011flar Ertekin\",\"description\":\"General Surgery\",\"potentialAction\":[{\"@type\":\"SearchAction\",\"target\":{\"@type\":\"EntryPoint\",\"urlTemplate\":\"https:\/\/caglarertekin.com\/en\/?s={search_term_string}\"},\"query-input\":{\"@type\":\"PropertyValueSpecification\",\"valueRequired\":true,\"valueName\":\"search_term_string\"}}],\"inLanguage\":\"en-US\"}]}<\/script>\n<!-- \/ Yoast SEO plugin. -->","yoast_head_json":{"title":"Posters - Op. Dr. \u00c7a\u011flar Ertekin","robots":{"index":"noindex","follow":"follow","max-snippet":"max-snippet:-1","max-image-preview":"max-image-preview:large","max-video-preview":"max-video-preview:-1"},"og_locale":"en_US","og_type":"article","og_title":"Posters - Op. Dr. \u00c7a\u011flar Ertekin","og_description":"EFFECT OF PER\u0130TONEAL \u0130RR\u0130GAT\u0130ON W\u0130TH SERUM CONTA\u0130N ANT\u0130OT\u0130C ON ON SURG\u0130CAL S\u0130TE \u0130NFECT\u0130ON \u0130N PAT\u0130ENTS W\u0130TH ELECT\u0130VE COLORECTAL SURGERY. Elif \u00d6z\u00e7imen, \u00dcmit U\u011furlu, \u00c7a\u011flar Ertekin, Wafi Attaallah, Tolga \u00d6zmen, Cumhur Ye\u011fen. 14. National Congress of Colon and Rectal Surgery. Antalya 15-19 may, 2013 PROGNOST\u0130C IMPACT OF THE METASTAT\u0130C LYMPH NODE RAT\u0130O ON SURV\u0130VAL \u0130N GASTR\u0130C [&hellip;]","og_url":"https:\/\/caglarertekin.com\/en\/posters\/","og_site_name":"Op. Dr. \u00c7a\u011flar Ertekin","article_modified_time":"2021-11-09T12:24:33+00:00","twitter_card":"summary_large_image","twitter_misc":{"Est. reading time":"2 minutes"},"schema":{"@context":"https:\/\/schema.org","@graph":[{"@type":"WebPage","@id":"https:\/\/caglarertekin.com\/en\/posters\/","url":"https:\/\/caglarertekin.com\/en\/posters\/","name":"Posters - Op. Dr. \u00c7a\u011flar Ertekin","isPartOf":{"@id":"https:\/\/caglarertekin.com\/en\/#website"},"datePublished":"2021-11-09T09:43:20+00:00","dateModified":"2021-11-09T12:24:33+00:00","breadcrumb":{"@id":"https:\/\/caglarertekin.com\/en\/posters\/#breadcrumb"},"inLanguage":"en-US","potentialAction":[{"@type":"ReadAction","target":["https:\/\/caglarertekin.com\/en\/posters\/"]}]},{"@type":"BreadcrumbList","@id":"https:\/\/caglarertekin.com\/en\/posters\/#breadcrumb","itemListElement":[{"@type":"ListItem","position":1,"name":"Anasayfa","item":"https:\/\/caglarertekin.com\/en\/"},{"@type":"ListItem","position":2,"name":"Posters"}]},{"@type":"WebSite","@id":"https:\/\/caglarertekin.com\/en\/#website","url":"https:\/\/caglarertekin.com\/en\/","name":"Op. Dr. \u00c7a\u011flar Ertekin","description":"General Surgery","potentialAction":[{"@type":"SearchAction","target":{"@type":"EntryPoint","urlTemplate":"https:\/\/caglarertekin.com\/en\/?s={search_term_string}"},"query-input":{"@type":"PropertyValueSpecification","valueRequired":true,"valueName":"search_term_string"}}],"inLanguage":"en-US"}]}},"_links":{"self":[{"href":"https:\/\/caglarertekin.com\/en\/wp-json\/wp\/v2\/pages\/9760","targetHints":{"allow":["GET"]}}],"collection":[{"href":"https:\/\/caglarertekin.com\/en\/wp-json\/wp\/v2\/pages"}],"about":[{"href":"https:\/\/caglarertekin.com\/en\/wp-json\/wp\/v2\/types\/page"}],"author":[{"embeddable":true,"href":"https:\/\/caglarertekin.com\/en\/wp-json\/wp\/v2\/users\/1"}],"replies":[{"embeddable":true,"href":"https:\/\/caglarertekin.com\/en\/wp-json\/wp\/v2\/comments?post=9760"}],"version-history":[{"count":0,"href":"https:\/\/caglarertekin.com\/en\/wp-json\/wp\/v2\/pages\/9760\/revisions"}],"wp:attachment":[{"href":"https:\/\/caglarertekin.com\/en\/wp-json\/wp\/v2\/media?parent=9760"}],"curies":[{"name":"wp","href":"https:\/\/api.w.org\/{rel}","templated":true}]}}